{"id":1023,"date":"2024-10-22T11:04:35","date_gmt":"2024-10-22T09:04:35","guid":{"rendered":"https:\/\/www.cervesalapanarra.com\/?page_id=1023"},"modified":"2024-11-05T21:00:21","modified_gmt":"2024-11-05T19:00:21","slug":"declaracion-de-accesibilidad","status":"publish","type":"page","link":"https:\/\/www.cervesalapanarra.com\/es\/inicio\/declaracion-de-accesibilidad\/","title":{"rendered":"Declaraci\u00f3n de accesibilidad"},"content":{"rendered":"<div class=\"wpb-content-wrapper\"><p>[vc_row css_animation=\u00bb\u00bb row_type=\u00bbrow\u00bb use_row_as_full_screen_section=\u00bbno\u00bb type=\u00bbgrid\u00bb angled_section=\u00bbno\u00bb text_align=\u00bbleft\u00bb background_image_as_pattern=\u00bbwithout_pattern\u00bb z_index=\u00bb\u00bb][vc_column][vc_column_text css=\u00bb\u00bb]<\/p>\n<p style=\"text-align: right;\"><a href=\"\/es\">Inicio<\/a> \/\/ <strong>Declaraci\u00f3n de accesibilidad<\/strong><\/p>\n<p>[\/vc_column_text][\/vc_column][\/vc_row][vc_row css_animation=\u00bb\u00bb row_type=\u00bbrow\u00bb use_row_as_full_screen_section=\u00bbno\u00bb type=\u00bbfull_width\u00bb angled_section=\u00bbno\u00bb text_align=\u00bbleft\u00bb background_image_as_pattern=\u00bbwithout_pattern\u00bb z_index=\u00bb\u00bb padding_top=\u00bb75&#8243; padding_bottom=\u00bb75&#8243; anchor=\u00bbinici\u00bb][vc_column][vc_column_text css=\u00bb\u00bb]<\/p>\n<h1>Declaraci\u00f3n de accesibilidad<\/h1>\n<p>[vc_empty_space height=\u00bb60&#8243;]<\/p>\n<p>CERVESA LA PANARRA \u2013 FORN EL CASTELL \u2013 DAVID GARCIA RUIZ se ha comprometido a hacer accesible su sitio web, de conformidad con el Real decreto 1112\/2018, de 7 de septiembre, sobre accesibilidad de los sitios web y aplicaciones para dispositivos m\u00f3viles del sector p\u00fablico.<\/p>\n<p>&nbsp;<\/p>\n<p>Esta declaraci\u00f3n de accesibilidad se aplica en el sitio web https:\/\/www.cervesalapanarra.com:<\/p>\n<div class=\"vc_empty_space\">[vc_empty_space height=\u00bb60&#8243;]<\/div>\n<h2 class=\"wp-block-heading\">SITUACI\u00d3N DE CUMPLIMIENTO<\/h2>\n<div class=\"separator small left \">[vc_separator type=\u00bbsmall\u00bb position=\u00bbleft\u00bb color=\u00bb#361004&#8243; thickness=\u00bb2&#8243; width=\u00bb25&#8243; up=\u00bb10&#8243; down=\u00bb20&#8243;]<\/div>\n<p>Este sitio web cumple con el RD 1112\/2018.<\/p>\n<div class=\"vc_empty_space\">[vc_empty_space height=\u00bb60&#8243;]<\/div>\n<h2>PREPARACI\u00d3N DE LA PRESENTE DECLARACI\u00d3N DE ACCESIBILIDAD<\/h2>\n<div class=\"separator small left \">[vc_separator type=\u00bbsmall\u00bb position=\u00bbleft\u00bb color=\u00bb#361004&#8243; thickness=\u00bb2&#8243; width=\u00bb25&#8243; up=\u00bb10&#8243; down=\u00bb20&#8243;]<\/div>\n<p>Esta declaraci\u00f3n fue preparada el 5 de noviembre de 2024.<\/p>\n<p>&nbsp;<\/p>\n<p>El m\u00e9todo empleado para preparar la declaraci\u00f3n ha sido una autoevaluaci\u00f3n llevada a cabo por CERVESA LA PANARRA \u2013 FORN EL CASTELL \u2013 DAVID GARCIA RUIZ.<\/p>\n<div class=\"vc_empty_space\">[vc_empty_space height=\u00bb60&#8243;]<\/div>\n<h2>OBSERVACI\u00d3N Y DATOS DE CONTACTO<\/h2>\n<div class=\"separator small left \">[vc_separator type=\u00bbsmall\u00bb position=\u00bbleft\u00bb color=\u00bb#361004&#8243; thickness=\u00bb2&#8243; width=\u00bb25&#8243; up=\u00bb10&#8243; down=\u00bb20&#8243;]<\/div>\n<p>Puede realizar comunicaciones sobre requisitos de accesibilidad (art\u00edculo 10.2.a del RD 1112\/2018) como:<\/p>\n<p>&nbsp;<\/p>\n<ul>\n<li style=\"list-style-type: none;\">\n<ul>\n<li style=\"list-style-type: none;\">\n<ul>\n<li>Informar sobre cualquier posible incumplimiento por parte de este sitio web.<\/li>\n<li>Transmitir otras dificultades de acceso al contenido.<\/li>\n<li>Formular cualquier otra consulta o sugerencia de mejora relativa a la accesibilidad del sitio web.<\/li>\n<\/ul>\n<\/li>\n<\/ul>\n<\/li>\n<\/ul>\n<p>&nbsp;<\/p>\n<p>&nbsp;<\/p>\n<p>a trav\u00e9s del <a href=\"\/es\/contactanos\/\"><strong>formulario de contacto<\/strong><\/a> de este sitio web o mediante el n\u00famero de tel\u00e9fono (+34) 93 812 40 69.<\/p>\n<p>&nbsp;<\/p>\n<p>Las quejas y reclamaciones sobre informaci\u00f3n accesible se realizar\u00e1n a trav\u00e9s de este formulario y ser\u00e1n recibidas y tratadas por CERVESA LA PANARRA \u2013 FORN EL CASTELL \u2013 DAVID GARCIA RUIZ.<\/p>\n<div class=\"vc_empty_space\">[vc_empty_space height=\u00bb60&#8243;]<\/div>\n<h2>PROCEDIMIENTO DE APLICACI\u00d3N<\/h2>\n<div class=\"separator small left \">[vc_separator type=\u00bbsmall\u00bb position=\u00bbleft\u00bb color=\u00bb#361004&#8243; thickness=\u00bb2&#8243; width=\u00bb25&#8243; up=\u00bb10&#8243; down=\u00bb20&#8243;]<\/div>\n<p>Si una vez hecha una solicitud de informaci\u00f3n accesible o queja, esta ha sido desestimada, no se estuviera de acuerdo con la decisi\u00f3n adoptada, o la respuesta no cumpliera los requisitos previstos en el art\u00edculo 12.5, la persona interesada puede iniciar una reclamaci\u00f3n. Igualmente, podr\u00e1 iniciarse una reclamaci\u00f3n en caso de que haya transcurrido el plazo de veinte d\u00edas h\u00e1biles sin haber obtenido respuesta.<\/p>\n<p>&nbsp;<\/p>\n<p>La reclamaci\u00f3n puede ser presentada a trav\u00e9s de info@cervesalapanarra.com as\u00ed como en el resto de opciones recogidas en la Ley 39\/2015, de 1 de octubre, del Procedimiento Administrativo Com\u00fan de las administraciones p\u00fablicas.<\/p>\n<p>&nbsp;<\/p>\n<p>Las reclamaciones ser\u00e1n recibidas y tratadas por CERVESA LA PANARRA \u2013 FORN EL CASTELL \u2013 DAVID GARCIA RUIZ.<\/p>\n<div class=\"vc_empty_space\">[vc_empty_space height=\u00bb60&#8243;]<\/div>\n<h2>CONTENIDO OPCIONAL<\/h2>\n<div class=\"separator small left \">[vc_separator type=\u00bbsmall\u00bb position=\u00bbleft\u00bb color=\u00bb#361004&#8243; thickness=\u00bb2&#8243; width=\u00bb25&#8243; up=\u00bb10&#8243; down=\u00bb20&#8243;]<\/div>\n<p>Este portal est\u00e1 dise\u00f1ado para cambiar el tama\u00f1o del texto y el color, as\u00ed como el fondo de la p\u00e1gina mediante las opciones de configuraci\u00f3n est\u00e1ndar de los navegadores.<\/p>\n<p>&nbsp;<\/p>\n<p>Si desea cambiar el tama\u00f1o de letra del texto en los principales navegadores gr\u00e1ficos utilice los siguientes men\u00fas:<\/p>\n<p>&nbsp;<\/p>\n<ul>\n<li style=\"list-style-type: none;\">\n<ul>\n<li style=\"list-style-type: none;\">\n<ul>\n<li>Internet Explorer, Mozilla y Firefox: Ver &gt; Tama\u00f1o del texto<\/li>\n<li>Opera: Ver &gt; Zoom<\/li>\n<li>Safari: Ver &gt; Hacer el texto m\u00e1s grande<\/li>\n<li>Chrome: Controla la p\u00e1gina actual &gt; Tama\u00f1o del texto<\/li>\n<li>Para modificar el tama\u00f1o de todo en la p\u00e1gina:\n<ul>\n<li style=\"list-style-type: none;\">\n<ul>\n<li>Ctrl + + para aumentarlo<\/li>\n<li>Ctrl + \u2013 para disminuirlo<\/li>\n<li>Ctrl + 0 restaura el tama\u00f1o original del texto<\/li>\n<li>Si lo que desea es anular la hoja de estilos o modificar el color del texto, puede consultar la p\u00e1gina How to Change Text Size or Colores de la WAI, que se puede leer traducido al espa\u00f1ol en C\u00f3mo cambiar \u00bfel tama\u00f1o del texto o colores?<\/li>\n<\/ul>\n<\/li>\n<\/ul>\n<\/li>\n<\/ul>\n<\/li>\n<\/ul>\n<\/li>\n<\/ul>\n<p>[\/vc_column_text][\/vc_column][\/vc_row]<\/p>\n<\/div>","protected":false},"excerpt":{"rendered":"<p>[vc_row css_animation=\u00bb\u00bb row_type=\u00bbrow\u00bb use_row_as_full_screen_section=\u00bbno\u00bb type=\u00bbgrid\u00bb angled_section=\u00bbno\u00bb text_align=\u00bbleft\u00bb background_image_as_pattern=\u00bbwithout_pattern\u00bb z_index=\u00bb\u00bb][vc_column][vc_column_text css=\u00bb\u00bb] Inicio \/\/ Declaraci\u00f3n de accesibilidad [\/vc_column_text][\/vc_column][\/vc_row][vc_row css_animation=\u00bb\u00bb row_type=\u00bbrow\u00bb use_row_as_full_screen_section=\u00bbno\u00bb type=\u00bbfull_width\u00bb angled_section=\u00bbno\u00bb text_align=\u00bbleft\u00bb background_image_as_pattern=\u00bbwithout_pattern\u00bb z_index=\u00bb\u00bb padding_top=\u00bb75&#8243; padding_bottom=\u00bb75&#8243; anchor=\u00bbinici\u00bb][vc_column][vc_column_text css=\u00bb\u00bb] Declaraci\u00f3n de accesibilidad [vc_empty_space height=\u00bb60&#8243;] CERVESA LA PANARRA \u2013 FORN EL CASTELL \u2013 DAVID GARCIA RUIZ se&hellip; <a class=\"continue\" href=\"https:\/\/www.cervesalapanarra.com\/es\/inicio\/declaracion-de-accesibilidad\/\">CONTINUAR >><span> Declaraci\u00f3n de accesibilidad<\/span><\/a><\/p>\n","protected":false},"author":1,"featured_media":0,"parent":954,"menu_order":0,"comment_status":"closed","ping_status":"open","template":"","meta":{"_joinchat":[],"footnotes":""},"class_list":["post-1023","page","type-page","status-publish","hentry"],"_links":{"self":[{"href":"https:\/\/www.cervesalapanarra.com\/es\/wp-json\/wp\/v2\/pages\/1023","targetHints":{"allow":["GET"]}}],"collection":[{"href":"https:\/\/www.cervesalapanarra.com\/es\/wp-json\/wp\/v2\/pages"}],"about":[{"href":"https:\/\/www.cervesalapanarra.com\/es\/wp-json\/wp\/v2\/types\/page"}],"author":[{"embeddable":true,"href":"https:\/\/www.cervesalapanarra.com\/es\/wp-json\/wp\/v2\/users\/1"}],"replies":[{"embeddable":true,"href":"https:\/\/www.cervesalapanarra.com\/es\/wp-json\/wp\/v2\/comments?post=1023"}],"version-history":[{"count":4,"href":"https:\/\/www.cervesalapanarra.com\/es\/wp-json\/wp\/v2\/pages\/1023\/revisions"}],"predecessor-version":[{"id":1064,"href":"https:\/\/www.cervesalapanarra.com\/es\/wp-json\/wp\/v2\/pages\/1023\/revisions\/1064"}],"up":[{"embeddable":true,"href":"https:\/\/www.cervesalapanarra.com\/es\/wp-json\/wp\/v2\/pages\/954"}],"wp:attachment":[{"href":"https:\/\/www.cervesalapanarra.com\/es\/wp-json\/wp\/v2\/media?parent=1023"}],"curies":[{"name":"wp","href":"https:\/\/api.w.org\/{rel}","templated":true}]}}