{"id":964,"date":"2024-10-21T18:18:35","date_gmt":"2024-10-21T16:18:35","guid":{"rendered":"https:\/\/www.cervesalapanarra.com\/?post_type=product&#038;p=964"},"modified":"2024-12-20T18:56:51","modified_gmt":"2024-12-20T16:56:51","slug":"cerveza-la-panarra-pack-inicio-6-botellas-de-33cl","status":"publish","type":"product","link":"https:\/\/www.cervesalapanarra.com\/es\/producte\/cerveza-la-panarra-pack-inicio-6-botellas-de-33cl\/","title":{"rendered":"Cerveza La Panarra Pack Inicio (6 botellas de 33cl)"},"content":{"rendered":"","protected":false},"excerpt":{"rendered":"<p>La Panarra es una cerveza artesana \u00fanica que nace de la fusi\u00f3n entre el arte de la panificaci\u00f3n y la producci\u00f3n cervecera. Elaborada con pan seco del Forn El Castillo de Tona, esta cerveza apuesta por la sostenibilidad y la econom\u00eda circular, ofreciendo una experiencia de cata que evoca el sabor y el aroma del pan artesanal. A continuaci\u00f3n, te presentamos su nota de cata.<\/p>\n<p>&nbsp;<\/p>\n<ul>\n<li style=\"list-style-type: none;\">\n<ul>\n<li style=\"list-style-type: none;\">\n<ul>\n<li><strong>Aspecto:<\/strong> La Panarra se presenta con un color \u00e1mbar intenso, ligeramente turbio debido a su proceso artesanal sin filtrado, con una espuma cremosa de color marfil que corona el vaso con una persistencia moderada.<\/li>\n<li><strong>Aroma:<\/strong> En nariz, desprende aromas de pan tostado sutiles, provenientes del ingrediente estrella: el pan seco. Estas notas se combinan con toques dulces de caramelo y un punto de frutos secos. A medida que se airea, aparecen ligeras notas florales y c\u00edtricas provenientes del l\u00fapulo, que aportan frescura al conjunto.<\/li>\n<li><strong>Sabor:<\/strong> En boca, La Panarra es equilibrada y redonda. Su entrada es suave, con un primer impacto de malta que recuerda a corteza de pan y cereales, seguido por un punto de caramelo y miel, que se compensa con una amargura sutil pero bien integrada del l\u00fapulo. El pan seco aporta un cuerpo agradable y una textura sedosa que llena la boca sin ser pesada.<\/li>\n<li><strong>Final:<\/strong> El final es largo y ligeramente seco, con una agradable sensaci\u00f3n tostada y un retrogusto que deja un recuerdo delicado del pan utilizado en su elaboraci\u00f3n.<\/li>\n<li><strong>Maridaje:<\/strong> Ideal para acompa\u00f1ar platos de quesos suaves, embutidos artesanos o unas tapas de bravas o croquetas. Tambi\u00e9n es una gran opci\u00f3n con platos de cocina tradicional catalana como la escalivada o una torta de recapte.<\/li>\n<\/ul>\n<\/li>\n<\/ul>\n<\/li>\n<\/ul>\n<p> <a class=\"continue\" href=\"https:\/\/www.cervesalapanarra.com\/es\/producte\/cerveza-la-panarra-pack-inicio-6-botellas-de-33cl\/\">CONTINUAR >><span> Cerveza La Panarra Pack Inicio (6 botellas de 33cl)<\/span><\/a><\/p>\n","protected":false},"featured_media":847,"comment_status":"open","ping_status":"closed","template":"","meta":{"_joinchat":[]},"product_brand":[],"product_cat":[35],"product_tag":[],"class_list":{"0":"post-964","1":"product","2":"type-product","3":"status-publish","4":"has-post-thumbnail","6":"product_cat-cerveza","8":"first","9":"instock","10":"taxable","11":"shipping-taxable","12":"purchasable","13":"product-type-simple"},"_links":{"self":[{"href":"https:\/\/www.cervesalapanarra.com\/es\/wp-json\/wp\/v2\/product\/964","targetHints":{"allow":["GET"]}}],"collection":[{"href":"https:\/\/www.cervesalapanarra.com\/es\/wp-json\/wp\/v2\/product"}],"about":[{"href":"https:\/\/www.cervesalapanarra.com\/es\/wp-json\/wp\/v2\/types\/product"}],"replies":[{"embeddable":true,"href":"https:\/\/www.cervesalapanarra.com\/es\/wp-json\/wp\/v2\/comments?post=964"}],"wp:featuredmedia":[{"embeddable":true,"href":"https:\/\/www.cervesalapanarra.com\/es\/wp-json\/wp\/v2\/media\/847"}],"wp:attachment":[{"href":"https:\/\/www.cervesalapanarra.com\/es\/wp-json\/wp\/v2\/media?parent=964"}],"wp:term":[{"taxonomy":"product_brand","embeddable":true,"href":"https:\/\/www.cervesalapanarra.com\/es\/wp-json\/wp\/v2\/product_brand?post=964"},{"taxonomy":"product_cat","embeddable":true,"href":"https:\/\/www.cervesalapanarra.com\/es\/wp-json\/wp\/v2\/product_cat?post=964"},{"taxonomy":"product_tag","embeddable":true,"href":"https:\/\/www.cervesalapanarra.com\/es\/wp-json\/wp\/v2\/product_tag?post=964"}],"curies":[{"name":"wp","href":"https:\/\/api.w.org\/{rel}","templated":true}]}}